{"id":19,"date":"2025-06-25T11:02:19","date_gmt":"2025-06-25T09:02:19","guid":{"rendered":"https:\/\/zlobek4-plock.edu.pl\/?page_id=19"},"modified":"2025-08-12T12:56:58","modified_gmt":"2025-08-12T10:56:58","slug":"oferta","status":"publish","type":"page","link":"http:\/\/zlobek4-plock.edu.pl\/?page_id=19","title":{"rendered":"Oferta"},"content":{"rendered":"\n<p>Oferujemy opiek\u0119 nad dzie\u0107mi od poniedzia\u0142ku do pi\u0105tku w godz. 6:00 &#8211; 17:00. Dzieci maj\u0105 zapewnion\u0105 piel\u0119gnacj\u0119, edukacj\u0119, Kompleksow\u0105 opiek\u0119, zbilansowane posi\u0142ki z uwzgl\u0119dnieniem diet eliminacyjnych. Nadrz\u0119dnym zadaniem naszego \u017b\u0142obka jest nauka samoobs\u0142ugi (w zale\u017cno\u015bci od wieku dzieci) dnia codziennego, takich jak ubieranie, za\u0142atwianie potrzeb fizjologicznych, jedzenia itp.<\/p>\n\n\n\n<ol class=\"wp-block-list\">\n<li>Zapewniamy dzieciom bezpiecze\u0144stwo i stworzenie warunk\u00f3w zbli\u017conych do warunk\u00f3w domowych.<\/li>\n\n\n\n<li>Zapewniamy opiek\u0119 wychowawcz\u0105 , psychologiczn\u0105 i piel\u0119gniarsk\u0105 w postaci wykwalifikowanej kadry.<\/li>\n\n\n\n<li>Indywidualne podej\u015bcie do ka\u017cdego dziecka wspomagaj\u0105c jego rozw\u00f3j.<\/li>\n\n\n\n<li>\u017bywienie dzieci zgodne z obowi\u0105zuj\u0105cymi normami, dostosowane do indywidualnych potrzeb.<\/li>\n\n\n\n<li>Zapewniamy odpowiednie warunki lokalowe. Najwa\u017cniejsze dla nas s\u0105 szcz\u0119\u015bliwe, radosne dzieci, kt\u00f3re czuj\u0105 si\u0119 bezpieczne i kochane w ka\u017cdej sytuacji.<\/li>\n\n\n\n<li>Zapewniamy zaj\u0119cia dydaktyczne, plastyczne, ruchowe, gry i zabawy uwzgl\u0119dniaj\u0105c rozw\u00f3j psychomotoryczny dziecka w\u0142a\u015bciwe do wieku dziecka.<\/li>\n\n\n\n<li>Organizujemy zaj\u0119cia z rytmiki i przedstawienia teatralne na terenie \u017b\u0142obka.<\/li>\n<\/ol>\n","protected":false},"excerpt":{"rendered":"<p>Oferujemy opiek\u0119 nad dzie\u0107mi od poniedzia\u0142ku do pi\u0105tku w godz. 6:00 &#8211; 17:00. Dzieci maj\u0105 zapewnion\u0105 piel\u0119gnacj\u0119, edukacj\u0119, Kompleksow\u0105 opiek\u0119, zbilansowane posi\u0142ki z uwzgl\u0119dnieniem diet eliminacyjnych. Nadrz\u0119dnym zadaniem naszego \u017b\u0142obka jest nauka samoobs\u0142ugi (w zale\u017cno\u015bci od wieku dzieci) dnia codziennego, &hellip; <\/p>\n","protected":false},"author":1,"featured_media":0,"parent":9,"menu_order":1,"comment_status":"closed","ping_status":"closed","template":"","meta":{"footnotes":""},"class_list":["post-19","page","type-page","status-publish","hentry"],"_links":{"self":[{"href":"http:\/\/zlobek4-plock.edu.pl\/index.php?rest_route=\/wp\/v2\/pages\/19","targetHints":{"allow":["GET"]}}],"collection":[{"href":"http:\/\/zlobek4-plock.edu.pl\/index.php?rest_route=\/wp\/v2\/pages"}],"about":[{"href":"http:\/\/zlobek4-plock.edu.pl\/index.php?rest_route=\/wp\/v2\/types\/page"}],"author":[{"embeddable":true,"href":"http:\/\/zlobek4-plock.edu.pl\/index.php?rest_route=\/wp\/v2\/users\/1"}],"replies":[{"embeddable":true,"href":"http:\/\/zlobek4-plock.edu.pl\/index.php?rest_route=%2Fwp%2Fv2%2Fcomments&post=19"}],"version-history":[{"count":5,"href":"http:\/\/zlobek4-plock.edu.pl\/index.php?rest_route=\/wp\/v2\/pages\/19\/revisions"}],"predecessor-version":[{"id":123,"href":"http:\/\/zlobek4-plock.edu.pl\/index.php?rest_route=\/wp\/v2\/pages\/19\/revisions\/123"}],"up":[{"embeddable":true,"href":"http:\/\/zlobek4-plock.edu.pl\/index.php?rest_route=\/wp\/v2\/pages\/9"}],"wp:attachment":[{"href":"http:\/\/zlobek4-plock.edu.pl\/index.php?rest_route=%2Fwp%2Fv2%2Fmedia&parent=19"}],"curies":[{"name":"wp","href":"https:\/\/api.w.org\/{rel}","templated":true}]}}